{"id":1178,"date":"2018-11-19T08:47:06","date_gmt":"2018-11-19T07:47:06","guid":{"rendered":"http:\/\/optinovaprojekt.uni-goettingen.de\/startseite\/?page_id=1178"},"modified":"2018-11-19T10:25:36","modified_gmt":"2018-11-19T09:25:36","slug":"gesundheitspolitische-dimension","status":"publish","type":"page","link":"https:\/\/optinofaprojekt.uni-goettingen.de\/startseite\/gesundheitspolitische-dimension\/","title":{"rendered":"Gesundheitspolitische Dimension"},"content":{"rendered":"<p>Im Rahmen der aktuellen und zentralen Problematik in der medizinischen Notfallversorgung in Deutschland wird eine sektoren\u00fcbergreifende Reform der organisatorischen und finanziellen Rahmenbedingungen der ambulanten Notfallversorgung unter Einbeziehung der Krankenh\u00e4user in den Positionspapieren der zust\u00e4ndigen Fachgesellschaften (1), der Deutschen Krankenhausgesellschaft (2), der Bundes\u00e4rztekammer (3), des Deutschen \u00c4rztetages (4) und des Verbandes der Ersatzkassen (5) \u00fcbereinstimmend gefordert.<\/p>\n<p>Der Sachverst\u00e4ndigenrat zur Begutachtung der Entwicklung im Gesundheitswesen kommt in seinem Gutachten \u201eBedarfsgerechte Steuerung der Gesundheitsversorgung\u201c aus dem Jahr 2018 zu dem Ergebnis, dass Steuerungsdefizite in der Notfallversorgung bestehen und erachtet insbesondere im R\u00fcckgriff auf den Aspekt der \u201eFehlinanspruchnahme\u201c die \u201eSteuerung von Patientenwegen\u201c f\u00fcr dringend erforderlich (6). Die daraus abgeleiteten Empfehlungen des Rates beziehen sich auf eine qualifizierte Ersteinsch\u00e4tzung auf der Basis aktueller leitliniengest\u00fctzter Notfallalgorithmen und die Einbindung der digitalen M\u00f6glichkeiten.<\/p>\n<p>Mit dem Beschluss der Bundesregierung zur Einrichtung des Innovationsfonds (GKV-Versorgungsst\u00e4rkungsgesetz 2015) ist ein wesentlicher Schritt getan, um sich dieser Problemlage zu stellen und die Verbesserung der Gesundheitsversorgung in Deutschland zu bef\u00f6rdern. In den Jahren 2016 bis 2019 sind und werden innovative, insbesondere sektoren\u00fcbergreifende Versorgungsformen und die patientennahe Versorgungsforschung gef\u00f6rdert. Die F\u00f6rdermittel betragen j\u00e4hrlich 300 Millionen Euro. Diese Mittel sollen die M\u00f6glichkeit schaffen, neue Ideen und Perspektiven f\u00fcr die sektoren\u00fcbergreifende Patientenversorgung zu entwickeln, zu beforschen und in das Gesundheitssystem einzubringen (6).<\/p>\n<ol>\n<li>DKG \u2013 Deutsche Krankenhausgesellschaft (2011) Vorschl\u00e4ge zur Sicherstellung der medizinischen Versorgung. http:\/\/www.dkgev.de\/media\/file\/9360.DKGVorschlaege_zur_Sicherstellung_der_medizinischen_Versorgung.pdf,<\/li>\n<li>Bundes\u00e4rztekammer (2013) Positionen der Bundes\u00e4rztekammer zur Krankenhausfinanzierung. http:\/\/www.bundesaerztekammer.de\/fileadmin\/user_upload\/downloads\/Positionspapier_Krankenhausfinanzierung.pdf<\/li>\n<li>T\u00e4tigkeitsbericht der Bundes\u00e4rztekammer, 117. Deutscher \u00c4rztetag (2014) Notfallversorgung fl\u00e4chendeckend sichern. \u00c4rztetags-Drucksache VII-20 http:\/\/www.bundesaerztekammer.de\/arzt2014\/media\/applications\/EVII20_beschluss.pdf<\/li>\n<li>VDEK Gutachten vom Verband der Ersatzkassen beim AQUA \u2013 Institut f\u00fcr angewandte Qualit\u00e4tsf\u00f6rderung und Forschung im Gesundheitswesen GmbH in Auftrag gegebenes Gutachten (2016) Ambulante Notfallversorgung \u2013 Analyse und Handlungsempfehlungen. https:\/\/www.vdek.com\/presse\/pressemitteilungen\/2016\/notfallversorgung\/_jcr_content\/par\/download_0\/file.res\/Aq ua-Gutachten-Notfallversorgung.pdf<\/li>\n<li>Bundesgesetzblatt Teil 1 Nr. 51 (2015) Gesetz zur Reform der Strukturen der Krankenhausversorgung (Krankenhausstrukturgesetz KHSG). https:\/\/www.bgbl.de\/xaver\/bgbl\/start.xav?startbk=Bundesanzeiger_BGBl&amp;start=\/\/*%255B@attr_id=\u2019bgbl115s2229.pdf\u2019%255D#__bgbl__%2F%2F*%5B%40attr_id%3D%27bgbl115s2229.pdf%27%5D__1540199457982<\/li>\n<li>Sachverst\u00e4ndigenrat zur Begutachtung der Entwicklung im Gesundheitswesen (2018) Gutachten Bedarfsgerechte Steuerung der Gesundheitsversorgung. https:\/\/www.svr-gesundheit.de\/fileadmin\/user_upload\/Gutachten\/2018\/SVR-Gutachten_2018<\/li>\n<\/ol>\n","protected":false},"excerpt":{"rendered":"<p>Im Rahmen der aktuellen und zentralen Problematik in der medizinischen Notfallversorgung in Deutschland wird eine sektoren\u00fcbergreifende Reform der organisatorischen und finanziellen Rahmenbedingungen der ambulanten Notfallversorgung unter Einbeziehung der Krankenh\u00e4user in den Positionspapieren der zust\u00e4ndigen Fachgesellschaften (1), der Deutschen Krankenhausgesellschaft (2), der Bundes\u00e4rztekammer (3), des Deutschen \u00c4rztetages (4) und des Verbandes der Ersatzkassen (5) \u00fcbereinstimmend gefordert.<\/p>\n","protected":false},"author":2,"featured_media":0,"parent":0,"menu_order":0,"comment_status":"closed","ping_status":"closed","template":"","meta":{"footnotes":""},"class_list":["post-1178","page","type-page","status-publish","hentry"],"_links":{"self":[{"href":"https:\/\/optinofaprojekt.uni-goettingen.de\/startseite\/wp-json\/wp\/v2\/pages\/1178","targetHints":{"allow":["GET"]}}],"collection":[{"href":"https:\/\/optinofaprojekt.uni-goettingen.de\/startseite\/wp-json\/wp\/v2\/pages"}],"about":[{"href":"https:\/\/optinofaprojekt.uni-goettingen.de\/startseite\/wp-json\/wp\/v2\/types\/page"}],"author":[{"embeddable":true,"href":"https:\/\/optinofaprojekt.uni-goettingen.de\/startseite\/wp-json\/wp\/v2\/users\/2"}],"replies":[{"embeddable":true,"href":"https:\/\/optinofaprojekt.uni-goettingen.de\/startseite\/wp-json\/wp\/v2\/comments?post=1178"}],"version-history":[{"count":7,"href":"https:\/\/optinofaprojekt.uni-goettingen.de\/startseite\/wp-json\/wp\/v2\/pages\/1178\/revisions"}],"predecessor-version":[{"id":1254,"href":"https:\/\/optinofaprojekt.uni-goettingen.de\/startseite\/wp-json\/wp\/v2\/pages\/1178\/revisions\/1254"}],"wp:attachment":[{"href":"https:\/\/optinofaprojekt.uni-goettingen.de\/startseite\/wp-json\/wp\/v2\/media?parent=1178"}],"curies":[{"name":"wp","href":"https:\/\/api.w.org\/{rel}","templated":true}]}}