{"id":1182,"date":"2018-11-19T08:47:30","date_gmt":"2018-11-19T07:47:30","guid":{"rendered":"http:\/\/optinovaprojekt.uni-goettingen.de\/startseite\/?page_id=1182"},"modified":"2018-11-19T09:03:02","modified_gmt":"2018-11-19T08:03:02","slug":"projektziele","status":"publish","type":"page","link":"https:\/\/optinofaprojekt.uni-goettingen.de\/startseite\/projektziele\/","title":{"rendered":"Projektziele"},"content":{"rendered":"<p style=\"text-align:justify\";\/>\nDas Verbundprojekt \u201eOptimierung der Notfallversorgung durch strukturierte Ersteinsch\u00e4tzung mittels intelligenter Assistenzdienste\u201c (Akronym OPTINOFA) verfolgt das Ziel eine bedarfsgerechte und differenzierte Steuerung von Notfallpatienten, durch innerklinisch t\u00e4tige Notfallmediziner, in die verschiedenen Sektoren zu erm\u00f6glichen. Dies soll durch die Bereitstellung von Wissen f\u00fcr eine strukturierte Ersteinsch\u00e4tzung in Bezug auf die Behandlungsdringlichkeit und erforderlichen Notfallversorgungsstufe mittels Softwareanwendung erm\u00f6glicht werden. Die Software soll -im Sinne einer Navigation- einen raschen und ortsunabh\u00e4ngigen mobilen Zugriff auf die f\u00fcr die Ersteinsch\u00e4tzung erforderlichen wissenschaftlichen Informationen erlauben. Die Grundlage dieser webbasierten technologischen Plattform bilden die h\u00e4ufigsten notfallmedizinischen Leitsymptome und -diagnosen in der Verkn\u00fcpfung mit wissenschaftlich anerkannten Leitlinien und Gold Standards sowie Kriterien einer sektorenspezifischen Zuweisung.<\/p>\n<p style=\"text-align:justify\";\/>\nIn enger Kooperation mit den Projektpartnern soll somit eine m\u00f6gliche Fehlsteuerung vermieden werden, um den steigenden Fallzahlen bei begrenzten personellen und r\u00e4umlichen Ressourcen entgegenzuwirken. Durch das gezielte wissensbasierte Vorgehen und der damit verbundenen Beschleunigung werden weiterhin ein verbessertes Outcome und die Reduktion von station\u00e4ren Aufnahmen erwartet, was wiederum zur Kostensenkung beitr\u00e4gt.<\/p>\n<p style=\"text-align:justify\";\/>\nDas versorgungsnahe Projekt wird f\u00fcr dreieinhalb Jahre mit insgesamt ca. 4,3 Millionen Euro gef\u00f6rdert. Im Erfolgsfall kann das Verfahren bundesweit eingesetzt werden. Der Einsatz dieser intersektoralen Plattform ist webbasiert und daher orts- und zeitunabh\u00e4ngig.<\/p>\n","protected":false},"excerpt":{"rendered":"<p>Das Verbundprojekt \u201eOptimierung der Notfallversorgung durch strukturierte Ersteinsch\u00e4tzung mittels intelligenter Assistenzdienste\u201c (Akronym OPTINOFA) verfolgt das Ziel eine bedarfsgerechte und differenzierte Steuerung von Notfallpatienten, durch innerklinisch t\u00e4tige Notfallmediziner, in die verschiedenen Sektoren zu erm\u00f6glichen. Dies soll durch die Bereitstellung von Wissen f\u00fcr eine strukturierte Ersteinsch\u00e4tzung in Bezug auf die Behandlungsdringlichkeit und erforderlichen Notfallversorgungsstufe mittels Softwareanwendung erm\u00f6glicht<\/p>\n","protected":false},"author":2,"featured_media":0,"parent":0,"menu_order":0,"comment_status":"closed","ping_status":"closed","template":"","meta":{"footnotes":""},"class_list":["post-1182","page","type-page","status-publish","hentry"],"_links":{"self":[{"href":"https:\/\/optinofaprojekt.uni-goettingen.de\/startseite\/wp-json\/wp\/v2\/pages\/1182","targetHints":{"allow":["GET"]}}],"collection":[{"href":"https:\/\/optinofaprojekt.uni-goettingen.de\/startseite\/wp-json\/wp\/v2\/pages"}],"about":[{"href":"https:\/\/optinofaprojekt.uni-goettingen.de\/startseite\/wp-json\/wp\/v2\/types\/page"}],"author":[{"embeddable":true,"href":"https:\/\/optinofaprojekt.uni-goettingen.de\/startseite\/wp-json\/wp\/v2\/users\/2"}],"replies":[{"embeddable":true,"href":"https:\/\/optinofaprojekt.uni-goettingen.de\/startseite\/wp-json\/wp\/v2\/comments?post=1182"}],"version-history":[{"count":4,"href":"https:\/\/optinofaprojekt.uni-goettingen.de\/startseite\/wp-json\/wp\/v2\/pages\/1182\/revisions"}],"predecessor-version":[{"id":1240,"href":"https:\/\/optinofaprojekt.uni-goettingen.de\/startseite\/wp-json\/wp\/v2\/pages\/1182\/revisions\/1240"}],"wp:attachment":[{"href":"https:\/\/optinofaprojekt.uni-goettingen.de\/startseite\/wp-json\/wp\/v2\/media?parent=1182"}],"curies":[{"name":"wp","href":"https:\/\/api.w.org\/{rel}","templated":true}]}}