{"id":1618,"date":"2020-11-25T13:26:58","date_gmt":"2020-11-25T12:26:58","guid":{"rendered":"http:\/\/optinofaprojekt.uni-goettingen.de\/startseite\/?page_id=1618"},"modified":"2020-11-25T13:26:58","modified_gmt":"2020-11-25T12:26:58","slug":"presseinformation-dezember-2019","status":"publish","type":"page","link":"https:\/\/optinofaprojekt.uni-goettingen.de\/startseite\/presseinformation-dezember-2019\/","title":{"rendered":"Presseinformation Dezember 2019"},"content":{"rendered":"<h4>Presseinformation<\/h4>\n<p>29. Dezember 2019<\/p>\n<p style=\"font-size: 35px;\"><strong>Innovationsfondsprojekt OPTINOFA ausgezeichnet<\/strong><\/p>\n<p><strong>Deutsche Gesellschaft Interdisziplin\u00e4re Notfall- und Akutmedizin (DGINA w\u00fcrdigt Vorhaben zur Entwicklung eines intelligenten Assistenzdienstes zur strukturierten Ersteinsch\u00e4tzung von Behandlungsdringlichkeit und Versorgungsstufe in der Notaufnahme. <\/strong><\/p>\n<p><img loading=\"lazy\" decoding=\"async\" class=\"wp-image-1386 size-thumbnail alignright\" src=\"http:\/\/optinofaprojekt.uni-goettingen.de\/wp-content\/uploads\/2019\/11\/SBlaschke-150x150.jpg\" alt=\"\" width=\"150\" height=\"150\" srcset=\"https:\/\/optinofaprojekt.uni-goettingen.de\/wp-content\/uploads\/2019\/11\/SBlaschke-150x150.jpg 150w, https:\/\/optinofaprojekt.uni-goettingen.de\/wp-content\/uploads\/2019\/11\/SBlaschke-300x300.jpg 300w, https:\/\/optinofaprojekt.uni-goettingen.de\/wp-content\/uploads\/2019\/11\/SBlaschke.jpg 361w\" sizes=\"auto, (max-width: 150px) 100vw, 150px\" \/>(umg) Das Innovationsfondsprojekt OPTINOFA unter Verbundkoordination von Prof. Dr. Sabine Blaschke, Leiterin der Interdisziplin\u00e4ren Notaufnahme (INA) an der Universit\u00e4tsmedizin G\u00f6ttingen (UMG) ist ausgezeichnet worden von der Deutschen Gesellschaft Interdisziplin\u00e4re Notfall- und Akutmedizin (DGINA). Die Fachgesellschaft pr\u00e4mierte die Pr\u00e4sentation des Projekts auf ihrer 14. Jahrestagung mit dem Posterpreis 2019.<\/p>\n<p>Mit dem Preis w\u00fcrdigt die DGINA die Forschungsarbeiten des Projekts f\u00fcr eine klare und differenzierte Steuerung von Notfallpatienten*innen in die verschiedenen Sektoren (ambulant versus station\u00e4r) der Notfallversorgung. Ziel des Vorhabens ist es, \u00dcberf\u00fcllung, lange Wartezeiten und Qualit\u00e4tsrisiken in Notaufnahmen zu minimieren und damit der aktuellen Versorgungssituation in den Notaufnahmen von Kliniken entgegenzuwirken. Das Projekt nimmt sich aktuellen Forderungen der f\u00fchrenden deutschen Fachgesellschaften f\u00fcr Notfallmedizin sowie der Gesundheitspolitik nach einer \u201ebedarfsgerechten Steuerung\u201c in der Notfallversorgung an.<\/p>\n<p><img loading=\"lazy\" decoding=\"async\" class=\"alignright wp-image-1556 size-medium\" src=\"http:\/\/optinofaprojekt.uni-goettingen.de\/wp-content\/uploads\/2019\/12\/DGINA-2019-446-300x200.jpg\" alt=\"\u00a9Helge Schubert\" width=\"300\" height=\"200\" srcset=\"https:\/\/optinofaprojekt.uni-goettingen.de\/wp-content\/uploads\/2019\/12\/DGINA-2019-446-300x200.jpg 300w, https:\/\/optinofaprojekt.uni-goettingen.de\/wp-content\/uploads\/2019\/12\/DGINA-2019-446-768x513.jpg 768w, https:\/\/optinofaprojekt.uni-goettingen.de\/wp-content\/uploads\/2019\/12\/DGINA-2019-446-1024x683.jpg 1024w\" sizes=\"auto, (max-width: 300px) 100vw, 300px\" \/><\/p>\n<p>Die OPTINOFA-Verbundkoordinatorin Prof. Dr. Sabine Blaschke nahm stellvertretend f\u00fcr das Projektteam die Auszeichnung in einer Feierstunde anl\u00e4sslich der 14. Jahrestagung der DGINA vom 14. bis 16. November 2019 in Bremen entgegen. Der Preis ist mit 400 Euro dotiert.<\/p>\n<p>&nbsp;<\/p>\n<p><strong>Das Projekt OPTINOFA<\/strong><\/p>\n<p>Das Verbundprojekt zur \u201eOptimierung der Notfallversorgung durch strukturierte Ersteinsch\u00e4tzung mittels intelligenter Assistenzdienste\u201c (OPTINOFA) ist am 1. Juni 2018 gestartet. Ziel des Forschungsvorhabens ist es, einen intelligenten Assistenzdienst zu entwickeln, mit dem eine gezielte Steuerung von Notfallpatienten zu einer ambulanten, haus\u00e4rztlichen oder station\u00e4ren, innerklinischen Notfallversorgung in der Notaufnahme unterst\u00fctzt werden kann. Das Projekt hat eine Laufzeit von dreieinhalb Jahren und wird mit insgesamt rund 4,3 Millionen Euro aus dem Innovationsfonds des Gemeinsamen Bundesausschusses (G-BA) gef\u00f6rdert.<\/p>\n<p>In der ersten Phase des Projekts wurde zun\u00e4chst eine detaillierte Ist-Analyse der aktuellen Versorgungssituation in den Notaufnahmen von beteiligten Modellkliniken durchgef\u00fchrt. Auf der Grundlage des DIVI-Notaufnahmeprotokolls und unter Einbeziehung der zust\u00e4ndigen Fachgesellschaften sowie der Kassen\u00e4rztlichen Vereinigungen werden derzeit Algorithmen f\u00fcr eine strukturierte Ersteinsch\u00e4tzung von Notfallpatient*innen erarbeitet. F\u00fcr die zwanzig h\u00e4ufigsten Leitsymptome\/-diagnosen in Notaufnahmen wird dabei die Einsch\u00e4tzung von Behandlungsdringlichkeit und Notfallversorgungsstufe in einzelne Schritte strukturiert. Zu intelligenten Assistenzdiensten weiterentwickelt, k\u00f6nnen dann diese Inhalte webbasiert \u00fcber mobile Endger\u00e4te (Tablets) auf einer technologischen Plattform zur Verf\u00fcgung gestellt werden.<\/p>\n<p>Im Rahmen einer multizentrischen Studie wird die neue Versorgungsform zun\u00e4chst in den beteiligten Modellkliniken und den angeschlossenen kassen\u00e4rztlichen Bereitschaftsdienstpraxen erprobt und wissenschaftlich \u00fcberpr\u00fcft. In der letzten Projektphase erfolgt die quantitative und qualitative Analyse aller erhobenen Daten, um die neue Versorgungsform insgesamt wissenschaftlich zu beurteilen. Zusammen mit den assoziierten Verbundpartnern soll in einem letzten Schritt ein Konzept f\u00fcr die bundesweite Implementierung des Modells f\u00fcr die strukturierte Ersteinsch\u00e4tzung von Notfallpatient*innen entwickelt werden. Es wird erwartet, dass durch die Einf\u00fchrung der neuen Versorgungsform die notfallmedizinischen Prozessabl\u00e4ufe beschleunigt, die Qualit\u00e4t der Notfallbehandlung verbessert und langfristig die Kosten der Notfallbehandlung im Gesundheitswesen reduziert werden k\u00f6nnen.<\/p>\n<p>Weitere Informationen zum Projekt: <a href=\"http:\/\/www.optinofa.de\">www.optinofa.de<\/a>.<\/p>\n<p>WEITERE INFORMATIONEN<br \/>\nUniversit\u00e4tsmedizin G\u00f6ttingen, Georg-August-Universit\u00e4t<br \/>\nInterdisziplin\u00e4re Notaufnahme<br \/>\n\u00c4rztliche Leitung<br \/>\nProf. Dr. Sabine Blaschke<br \/>\nTelefon 0551 \/ 39-8910, <a href=\"mailto:sblasch@gwdg.de\">sblasch@gwdg.de<\/a><\/p>\n<p>Fotografie: Preisverleihung DGINA \u00a9Helge Schubert<\/p>\n","protected":false},"excerpt":{"rendered":"<p>Presseinformation 29. Dezember 2019 Innovationsfondsprojekt OPTINOFA ausgezeichnet Deutsche Gesellschaft Interdisziplin\u00e4re Notfall- und Akutmedizin (DGINA w\u00fcrdigt Vorhaben zur Entwicklung eines intelligenten Assistenzdienstes zur strukturierten Ersteinsch\u00e4tzung von Behandlungsdringlichkeit und Versorgungsstufe in der Notaufnahme. (umg) Das Innovationsfondsprojekt OPTINOFA unter Verbundkoordination von Prof. Dr. Sabine Blaschke, Leiterin der Interdisziplin\u00e4ren Notaufnahme (INA) an der Universit\u00e4tsmedizin G\u00f6ttingen (UMG) ist ausgezeichnet worden<\/p>\n","protected":false},"author":2,"featured_media":0,"parent":0,"menu_order":0,"comment_status":"closed","ping_status":"closed","template":"","meta":{"footnotes":""},"class_list":["post-1618","page","type-page","status-publish","hentry"],"_links":{"self":[{"href":"https:\/\/optinofaprojekt.uni-goettingen.de\/startseite\/wp-json\/wp\/v2\/pages\/1618","targetHints":{"allow":["GET"]}}],"collection":[{"href":"https:\/\/optinofaprojekt.uni-goettingen.de\/startseite\/wp-json\/wp\/v2\/pages"}],"about":[{"href":"https:\/\/optinofaprojekt.uni-goettingen.de\/startseite\/wp-json\/wp\/v2\/types\/page"}],"author":[{"embeddable":true,"href":"https:\/\/optinofaprojekt.uni-goettingen.de\/startseite\/wp-json\/wp\/v2\/users\/2"}],"replies":[{"embeddable":true,"href":"https:\/\/optinofaprojekt.uni-goettingen.de\/startseite\/wp-json\/wp\/v2\/comments?post=1618"}],"version-history":[{"count":1,"href":"https:\/\/optinofaprojekt.uni-goettingen.de\/startseite\/wp-json\/wp\/v2\/pages\/1618\/revisions"}],"predecessor-version":[{"id":1620,"href":"https:\/\/optinofaprojekt.uni-goettingen.de\/startseite\/wp-json\/wp\/v2\/pages\/1618\/revisions\/1620"}],"wp:attachment":[{"href":"https:\/\/optinofaprojekt.uni-goettingen.de\/startseite\/wp-json\/wp\/v2\/media?parent=1618"}],"curies":[{"name":"wp","href":"https:\/\/api.w.org\/{rel}","templated":true}]}}