{"id":1652,"date":"2020-11-25T13:46:10","date_gmt":"2020-11-25T12:46:10","guid":{"rendered":"http:\/\/optinofaprojekt.uni-goettingen.de\/startseite\/?page_id=1652"},"modified":"2022-11-17T15:10:58","modified_gmt":"2022-11-17T14:10:58","slug":"veroeffentlichungen","status":"publish","type":"page","link":"https:\/\/optinofaprojekt.uni-goettingen.de\/startseite\/veroeffentlichungen\/","title":{"rendered":"Ver\u00f6ffentlichungen"},"content":{"rendered":"<ul>\n<li>Nyoungui, L. Mercier, K. Esslinger, K. Pischek-Koch, S.Wache, M. Schmucker, M. Dietrich, M. Haag, O. Rienhoff, S. Blaschke (2019): OPTINOFA \u2013 Entwicklung eines intelligenten Assistenzdienstes zur strukturierten Ersteinsch\u00e4tzung von Behandlungsdringlichkeit und Versorgungsstufe in der Notaufnahme. Notfall Rettungsmed 2019 \u00b7 22 (Suppl 1): S1\u2013S17 <a href=\"https:\/\/doi.org\/10.1007\/s10049-019-00645-y\">https:\/\/doi.org\/10.1007\/s10049-019-00645-y<\/a> ; Online publiziert: 30. Oktober 2019<\/li>\n<\/ul>\n<p>&nbsp;<\/p>\n<ul>\n<li>Elisabeth Nyoungui, Marina Karg, Marc Wieckenberg, Katrin Esslinger, Sebastian Pfeiffer, Kerstin Pischek-Koch, Stefanie Wache, Michael Schmucker, Michael Dietrich, Harald Dormann, Sabine Blaschke (2020): OPTINOFA \u2013 Validierung eines innovativen Triage Instrumentes zur strukturierten Ersteinsch\u00e4tzung von Behandlungsdringlichkeit und Versorgungsstufe. Kongress der Deutschen Interdisziplin\u00e4ren Vereinigung f\u00fcr Intensiv- und Notfallmedizin e.V.; Wissen schafft Vertrauen; Live: 02. \u2013 04.12.2020 <a href=\"https:\/\/divi20.de\/images\/Downloads\/DIVI20_Abstractbuch.pdf\">https:\/\/divi20.de\/images\/Downloads\/DIVI20_Abstractbuch.pdf<\/a><\/li>\n<\/ul>\n<p>&nbsp;<\/p>\n<ul>\n<li>Elisabeth Nyoungui, Marina Karg, Marc Wieckenberg, Katrin Esslinger, Kerstin Pischek-Koch, Stefanie Wache, Michael Schmucker, Martin Haag, Dagmar Krefting, Rajan Somasundaram, Harald Dormann, Sabine Blaschke (2021): Multizentrische, kontrollierte Kohortenstudie zur strukturierten Ersteinsch\u00e4tzung in der Notaufnahme mittels intelligentem Assistenzdienst OPTINOFA &#8211; eine Interimsanalyse &#8211; Konferenz: 16. Jahrestagung Deutsche Gesellschaft Interdisziplin\u00e4re Notfall- und Akutmedizin (DGINA) e.V. <a href=\"https:\/\/www.researchgate.net\/publication\/356528427_Multizentrische_kontrollierte_Kohortenstudie_zur_strukturierten_Ersteinschatzung_in_der_Notaufnahme_mittels_intelligentem_Assistenzdienst_OPTINOFA_-_eine_Interimsanalyse_-\">Researchgate<\/a><\/li>\n<\/ul>\n<p>&nbsp;<\/p>\n<ul>\n<li>Malte Hoff, Elisabeth Nyoungui, Katrin Esslinger, Kerstin Pischek-Koch, Stefanie Wache, Michael Schmucker, Martin Haag, Dagmar Krefting, Sabine Blaschke (2022):\u00a0Monozentrische Evaluation des intelligenten Assistenzdienstes OPTINOFA zur strukturierten Ersteinsch\u00e4tzung in der Interdisziplin\u00e4ren Notaufnahme. GMDS Fachtagung 2022, <a href=\"https:\/\/www.researchgate.net\/publication\/363146727_Monozentrische_Evaluation_des_intelligenten_Assistenzdienstes_OPTINOFA_zur_strukturierten_Ersteinschatzung_in_der_Interdisziplinaren_Notaufnahme\">Researchgate<\/a><\/li>\n<\/ul>\n<p>&nbsp;<\/p>\n<ul class=\"nova-legacy-e-list nova-legacy-e-list--size-m nova-legacy-e-list--type-inline nova-legacy-e-list--spacing-xl\">\n<li class=\"nova-legacy-e-list__item\">Margot Dietz-Wittstock, Florian Grossmann, J\u00f6rg Krey,\u00a0Sabine Blaschke (2022)\u00a0Ersteinsch\u00e4tzung des Notfallpatienten. Buchkapitel:\u00a0Notfallpflege &#8211; Fachweiterbildung und Praxis, <a href=\"https:\/\/www.researchgate.net\/publication\/360195627_Ersteinschatzung_des_Notfallpatienten\">Researchgate<\/a><\/li>\n<\/ul>\n","protected":false},"excerpt":{"rendered":"<p>Nyoungui, L. Mercier, K. Esslinger, K. Pischek-Koch, S.Wache, M. Schmucker, M. Dietrich, M. Haag, O. Rienhoff, S. Blaschke (2019): OPTINOFA \u2013 Entwicklung eines intelligenten Assistenzdienstes zur strukturierten Ersteinsch\u00e4tzung von Behandlungsdringlichkeit und Versorgungsstufe in der Notaufnahme. Notfall Rettungsmed 2019 \u00b7 22 (Suppl 1): S1\u2013S17 https:\/\/doi.org\/10.1007\/s10049-019-00645-y ; Online publiziert: 30. Oktober 2019 &nbsp; Elisabeth Nyoungui, Marina Karg,<\/p>\n","protected":false},"author":2,"featured_media":0,"parent":0,"menu_order":0,"comment_status":"closed","ping_status":"closed","template":"","meta":{"footnotes":""},"class_list":["post-1652","page","type-page","status-publish","hentry"],"_links":{"self":[{"href":"https:\/\/optinofaprojekt.uni-goettingen.de\/startseite\/wp-json\/wp\/v2\/pages\/1652","targetHints":{"allow":["GET"]}}],"collection":[{"href":"https:\/\/optinofaprojekt.uni-goettingen.de\/startseite\/wp-json\/wp\/v2\/pages"}],"about":[{"href":"https:\/\/optinofaprojekt.uni-goettingen.de\/startseite\/wp-json\/wp\/v2\/types\/page"}],"author":[{"embeddable":true,"href":"https:\/\/optinofaprojekt.uni-goettingen.de\/startseite\/wp-json\/wp\/v2\/users\/2"}],"replies":[{"embeddable":true,"href":"https:\/\/optinofaprojekt.uni-goettingen.de\/startseite\/wp-json\/wp\/v2\/comments?post=1652"}],"version-history":[{"count":12,"href":"https:\/\/optinofaprojekt.uni-goettingen.de\/startseite\/wp-json\/wp\/v2\/pages\/1652\/revisions"}],"predecessor-version":[{"id":1777,"href":"https:\/\/optinofaprojekt.uni-goettingen.de\/startseite\/wp-json\/wp\/v2\/pages\/1652\/revisions\/1777"}],"wp:attachment":[{"href":"https:\/\/optinofaprojekt.uni-goettingen.de\/startseite\/wp-json\/wp\/v2\/media?parent=1652"}],"curies":[{"name":"wp","href":"https:\/\/api.w.org\/{rel}","templated":true}]}}