{"id":1769,"date":"2022-11-17T15:05:18","date_gmt":"2022-11-17T14:05:18","guid":{"rendered":"http:\/\/optinofaprojekt.uni-goettingen.de\/startseite\/?page_id=1769"},"modified":"2022-11-17T15:05:18","modified_gmt":"2022-11-17T14:05:18","slug":"deutsches-aerzteblatt-2020","status":"publish","type":"page","link":"https:\/\/optinofaprojekt.uni-goettingen.de\/startseite\/deutsches-aerzteblatt-2020\/","title":{"rendered":"Deutsches \u00c4rzteblatt 2020"},"content":{"rendered":"<p>Das innovative Projekt OPTINOFA fand im deutschen \u00c4rzteblatt Erw\u00e4hnung. Das Potential wird deutlich erkannt!<\/p>\n<p>Weiterf\u00fchrend der Link zum Beitrag<\/p>\n<p><a href=\"https:\/\/www.aerzteblatt.de\/treffer?mode=s&amp;wo=17&amp;typ=16&amp;aid=212295&amp;s=OPTINOFA\">https:\/\/www.aerzteblatt.de\/treffer?mode=s&amp;wo=17&amp;typ=16&amp;aid=212295&amp;s=OPTINOFA<\/a><\/p>\n","protected":false},"excerpt":{"rendered":"<p>Das innovative Projekt OPTINOFA fand im deutschen \u00c4rzteblatt Erw\u00e4hnung. Das Potential wird deutlich erkannt! Weiterf\u00fchrend der Link zum Beitrag https:\/\/www.aerzteblatt.de\/treffer?mode=s&amp;wo=17&amp;typ=16&amp;aid=212295&amp;s=OPTINOFA<\/p>\n","protected":false},"author":2,"featured_media":0,"parent":0,"menu_order":0,"comment_status":"closed","ping_status":"closed","template":"","meta":{"footnotes":""},"class_list":["post-1769","page","type-page","status-publish","hentry"],"_links":{"self":[{"href":"https:\/\/optinofaprojekt.uni-goettingen.de\/startseite\/wp-json\/wp\/v2\/pages\/1769","targetHints":{"allow":["GET"]}}],"collection":[{"href":"https:\/\/optinofaprojekt.uni-goettingen.de\/startseite\/wp-json\/wp\/v2\/pages"}],"about":[{"href":"https:\/\/optinofaprojekt.uni-goettingen.de\/startseite\/wp-json\/wp\/v2\/types\/page"}],"author":[{"embeddable":true,"href":"https:\/\/optinofaprojekt.uni-goettingen.de\/startseite\/wp-json\/wp\/v2\/users\/2"}],"replies":[{"embeddable":true,"href":"https:\/\/optinofaprojekt.uni-goettingen.de\/startseite\/wp-json\/wp\/v2\/comments?post=1769"}],"version-history":[{"count":1,"href":"https:\/\/optinofaprojekt.uni-goettingen.de\/startseite\/wp-json\/wp\/v2\/pages\/1769\/revisions"}],"predecessor-version":[{"id":1771,"href":"https:\/\/optinofaprojekt.uni-goettingen.de\/startseite\/wp-json\/wp\/v2\/pages\/1769\/revisions\/1771"}],"wp:attachment":[{"href":"https:\/\/optinofaprojekt.uni-goettingen.de\/startseite\/wp-json\/wp\/v2\/media?parent=1769"}],"curies":[{"name":"wp","href":"https:\/\/api.w.org\/{rel}","templated":true}]}}