{"id":374,"date":"2018-09-28T11:20:47","date_gmt":"2018-09-28T09:20:47","guid":{"rendered":"http:\/\/optinovaprojekt.uni-goettingen.de\/startseite\/?page_id=374"},"modified":"2019-09-12T13:28:03","modified_gmt":"2019-09-12T11:28:03","slug":"konsortialpartner","status":"publish","type":"page","link":"https:\/\/optinofaprojekt.uni-goettingen.de\/startseite\/konsortialpartner\/","title":{"rendered":"Konsortialpartner"},"content":{"rendered":"<p><span style=\"color: #000000;\"><strong><img loading=\"lazy\" decoding=\"async\" class=\"alignnone wp-image-210\" src=\"http:\/\/optinovaprojekt.uni-goettingen.de\/wp-content\/uploads\/2018\/09\/cropped-Unknown-300x91-300x91-300x91.jpg\" alt=\"\" width=\"100\" height=\"30\" \/>\u00a0<\/strong><\/span><span style=\"color: #808080;\"><a style=\"color: #808080;\" href=\"https:\/\/www.umg.eu\/einrichtungen\/zentrale-einrichtungen-der-krankenversorgung\/interdisziplinaere-notaufnahme-ina\/\">Universit\u00e4tsmedizin G\u00f6ttingen, Interdisziplin\u00e4re Notaufnahme (INA) &#8211; Konsortialf\u00fchrer<\/a><br \/>\n<\/span><span style=\"color: #808080;\"><a style=\"color: #808080;\" href=\"http:\/\/www.mi.med.uni-goettingen.de\/\">Universit\u00e4tsmedizin G\u00f6ttingen, Institut f\u00fcr Medizinische Informatik (IMI) &#8211; Konsortialf\u00fchrer<\/a><br \/>\n<a style=\"color: #808080;\" href=\"http:\/\/www.ams.med.uni-goettingen.de\/\">Universit\u00e4tsmedizin G\u00f6ttingen, Institut f\u00fcr Medizinische Statistik (IMS) &#8211; Konsortialpartner<\/a><br \/>\n<a style=\"color: #808080;\" href=\"http:\/\/www.allgemeinmedizin.med.uni-goettingen.de\/\">Universit\u00e4tsmedizin G\u00f6ttingen, Institut f\u00fcr Allgemeinmedizin (IAM) &#8211; Konsortialpartner<\/a><\/span><\/p>\n<p>&nbsp;<\/p>\n<p><span style=\"color: #000000;\"><strong><img loading=\"lazy\" decoding=\"async\" class=\"alignnone wp-image-530\" src=\"http:\/\/optinovaprojekt.uni-goettingen.de\/wp-content\/uploads\/2018\/10\/OVGUMED_logo_web_blau-300x72.jpg\" alt=\"\" width=\"150\" height=\"36\" srcset=\"https:\/\/optinofaprojekt.uni-goettingen.de\/wp-content\/uploads\/2018\/10\/OVGUMED_logo_web_blau-300x72.jpg 300w, https:\/\/optinofaprojekt.uni-goettingen.de\/wp-content\/uploads\/2018\/10\/OVGUMED_logo_web_blau.jpg 332w\" sizes=\"auto, (max-width: 150px) 100vw, 150px\" \/>\u00a0<\/strong><\/span><span style=\"color: #808080;\"><a style=\"color: #808080;\" href=\"http:\/\/www.kchu.ovgu.de\">Otto-von-Guericke-Universit\u00e4t Magdeburg (OVGU), Universit\u00e4tsklinik f\u00fcr Unfallchirurgie<\/a><\/span><\/p>\n<p>&nbsp;<\/p>\n<p><img loading=\"lazy\" decoding=\"async\" class=\"alignnone wp-image-544\" src=\"http:\/\/optinovaprojekt.uni-goettingen.de\/wp-content\/uploads\/2018\/10\/WiDo-300x40.jpg\" alt=\"\" width=\"150\" height=\"20\" srcset=\"https:\/\/optinofaprojekt.uni-goettingen.de\/wp-content\/uploads\/2018\/10\/WiDo-300x40.jpg 300w, https:\/\/optinofaprojekt.uni-goettingen.de\/wp-content\/uploads\/2018\/10\/WiDo-768x103.jpg 768w, https:\/\/optinofaprojekt.uni-goettingen.de\/wp-content\/uploads\/2018\/10\/WiDo-1024x137.jpg 1024w, https:\/\/optinofaprojekt.uni-goettingen.de\/wp-content\/uploads\/2018\/10\/WiDo.jpg 1765w\" sizes=\"auto, (max-width: 150px) 100vw, 150px\" \/>\u00a0<span style=\"color: #808080;\"><a style=\"color: #808080;\" href=\"http:\/\/www.wido.de\">Wissenschaftliches Institut der AOK (WIdO), Forschungsbereich: Qualit\u00e4ts- und Versorgungsforschung<\/a><\/span><\/p>\n<p>&nbsp;<\/p>\n<p><img loading=\"lazy\" decoding=\"async\" class=\"alignnone wp-image-116\" src=\"http:\/\/optinovaprojekt.uni-goettingen.de\/wp-content\/uploads\/2018\/09\/Gecko_Logo-300x83.png\" alt=\"\" width=\"150\" height=\"42\" srcset=\"https:\/\/optinofaprojekt.uni-goettingen.de\/wp-content\/uploads\/2018\/09\/Gecko_Logo-300x83.png 300w, https:\/\/optinofaprojekt.uni-goettingen.de\/wp-content\/uploads\/2018\/09\/Gecko_Logo-340x97.png 340w, https:\/\/optinofaprojekt.uni-goettingen.de\/wp-content\/uploads\/2018\/09\/Gecko_Logo.png 350w\" sizes=\"auto, (max-width: 150px) 100vw, 150px\" \/>\u00a0<span style=\"color: #808080;\"><a style=\"color: #808080;\" href=\"https:\/\/www.gecko.hs-heilbronn.de\/\">Hochschule Heilbronn (HHN), Forschungseinrichtung GECKO-Institut f\u00fcr Medizin, Informatik und \u00d6konomie<\/a><\/span><\/p>\n<p>&nbsp;<\/p>\n<p><span style=\"color: #000000;\"><strong><img loading=\"lazy\" decoding=\"async\" class=\"alignnone wp-image-466\" src=\"http:\/\/optinovaprojekt.uni-goettingen.de\/wp-content\/uploads\/2018\/09\/GBA_Innovationsausschuss-1-300x68.jpg\" alt=\"\" width=\"150\" height=\"34\" srcset=\"https:\/\/optinofaprojekt.uni-goettingen.de\/wp-content\/uploads\/2018\/09\/GBA_Innovationsausschuss-1-300x68.jpg 300w, https:\/\/optinofaprojekt.uni-goettingen.de\/wp-content\/uploads\/2018\/09\/GBA_Innovationsausschuss-1-768x174.jpg 768w, https:\/\/optinofaprojekt.uni-goettingen.de\/wp-content\/uploads\/2018\/09\/GBA_Innovationsausschuss-1-1024x232.jpg 1024w\" sizes=\"auto, (max-width: 150px) 100vw, 150px\" \/>\u00a0<\/strong><span style=\"color: #808080;\"><a style=\"color: #808080;\" href=\"http:\/\/www.aok.de\">AOK Niedersachsen (AOK)<\/a><\/span><\/span><\/p>\n<p>&nbsp;<\/p>\n<p><img loading=\"lazy\" decoding=\"async\" class=\"alignnone wp-image-1150\" src=\"http:\/\/optinovaprojekt.uni-goettingen.de\/wp-content\/uploads\/2018\/11\/logo-der-dak-gesundheit-ein-leben-lang-1-1881748_2-300x209.jpg\" alt=\"\" width=\"100\" height=\"70\" srcset=\"https:\/\/optinofaprojekt.uni-goettingen.de\/wp-content\/uploads\/2018\/11\/logo-der-dak-gesundheit-ein-leben-lang-1-1881748_2-300x209.jpg 300w, https:\/\/optinofaprojekt.uni-goettingen.de\/wp-content\/uploads\/2018\/11\/logo-der-dak-gesundheit-ein-leben-lang-1-1881748_2-768x535.jpg 768w, https:\/\/optinofaprojekt.uni-goettingen.de\/wp-content\/uploads\/2018\/11\/logo-der-dak-gesundheit-ein-leben-lang-1-1881748_2.jpg 807w\" sizes=\"auto, (max-width: 100px) 100vw, 100px\" \/>\u00a0<span style=\"color: #808080;\"><a style=\"color: #808080;\" href=\"http:\/\/www.dak.de\">DAK-Gesundheit (DAK)<\/a><\/span><\/p>\n<p>&nbsp;<\/p>\n<p><img loading=\"lazy\" decoding=\"async\" class=\"alignnone wp-image-612\" src=\"http:\/\/optinovaprojekt.uni-goettingen.de\/wp-content\/uploads\/2018\/10\/TK-Logo-150x150.jpg\" alt=\"\" width=\"100\" height=\"100\" srcset=\"https:\/\/optinofaprojekt.uni-goettingen.de\/wp-content\/uploads\/2018\/10\/TK-Logo-150x150.jpg 150w, https:\/\/optinofaprojekt.uni-goettingen.de\/wp-content\/uploads\/2018\/10\/TK-Logo-300x300.jpg 300w, https:\/\/optinofaprojekt.uni-goettingen.de\/wp-content\/uploads\/2018\/10\/TK-Logo.jpg 590w\" sizes=\"auto, (max-width: 100px) 100vw, 100px\" \/>\u00a0<span style=\"color: #808080;\"><a style=\"color: #808080;\" href=\"http:\/\/www.tk.de\">Techniker Krankenkasse (TK)\u00a0<\/a><\/span><\/p>\n<p>&nbsp;<\/p>\n","protected":false},"excerpt":{"rendered":"<p>\u00a0Universit\u00e4tsmedizin G\u00f6ttingen, Interdisziplin\u00e4re Notaufnahme (INA) &#8211; Konsortialf\u00fchrer Universit\u00e4tsmedizin G\u00f6ttingen, Institut f\u00fcr Medizinische Informatik (IMI) &#8211; Konsortialf\u00fchrer Universit\u00e4tsmedizin G\u00f6ttingen, Institut f\u00fcr Medizinische Statistik (IMS) &#8211; Konsortialpartner Universit\u00e4tsmedizin G\u00f6ttingen, Institut f\u00fcr Allgemeinmedizin (IAM) &#8211; Konsortialpartner &nbsp; \u00a0Otto-von-Guericke-Universit\u00e4t Magdeburg (OVGU), Universit\u00e4tsklinik f\u00fcr Unfallchirurgie &nbsp; \u00a0Wissenschaftliches Institut der AOK (WIdO), Forschungsbereich: Qualit\u00e4ts- und Versorgungsforschung &nbsp; \u00a0Hochschule Heilbronn (HHN), Forschungseinrichtung<\/p>\n","protected":false},"author":2,"featured_media":0,"parent":0,"menu_order":0,"comment_status":"closed","ping_status":"closed","template":"","meta":{"footnotes":""},"class_list":["post-374","page","type-page","status-publish","hentry"],"_links":{"self":[{"href":"https:\/\/optinofaprojekt.uni-goettingen.de\/startseite\/wp-json\/wp\/v2\/pages\/374","targetHints":{"allow":["GET"]}}],"collection":[{"href":"https:\/\/optinofaprojekt.uni-goettingen.de\/startseite\/wp-json\/wp\/v2\/pages"}],"about":[{"href":"https:\/\/optinofaprojekt.uni-goettingen.de\/startseite\/wp-json\/wp\/v2\/types\/page"}],"author":[{"embeddable":true,"href":"https:\/\/optinofaprojekt.uni-goettingen.de\/startseite\/wp-json\/wp\/v2\/users\/2"}],"replies":[{"embeddable":true,"href":"https:\/\/optinofaprojekt.uni-goettingen.de\/startseite\/wp-json\/wp\/v2\/comments?post=374"}],"version-history":[{"count":28,"href":"https:\/\/optinofaprojekt.uni-goettingen.de\/startseite\/wp-json\/wp\/v2\/pages\/374\/revisions"}],"predecessor-version":[{"id":922,"href":"https:\/\/optinofaprojekt.uni-goettingen.de\/startseite\/wp-json\/wp\/v2\/pages\/374\/revisions\/922"}],"wp:attachment":[{"href":"https:\/\/optinofaprojekt.uni-goettingen.de\/startseite\/wp-json\/wp\/v2\/media?parent=374"}],"curies":[{"name":"wp","href":"https:\/\/api.w.org\/{rel}","templated":true}]}}