{"id":378,"date":"2018-09-28T11:21:05","date_gmt":"2018-09-28T09:21:05","guid":{"rendered":"http:\/\/optinovaprojekt.uni-goettingen.de\/startseite\/?page_id=378"},"modified":"2019-09-16T12:36:26","modified_gmt":"2019-09-16T10:36:26","slug":"kooperationspartner","status":"publish","type":"page","link":"https:\/\/optinofaprojekt.uni-goettingen.de\/startseite\/kooperationspartner\/","title":{"rendered":"Kooperationspartner"},"content":{"rendered":"<h4 style=\"text-align: left;\"><span style=\"color: #808080;\">Modellkliniken<\/span><\/h4>\n<p><span style=\"color: #000000;\"><span style=\"color: #808080;\"><a style=\"color: #808080;\" href=\"http:\/\/www.ukbonn.de\">Universit\u00e4tsmedizin Bonn, Interdisziplin\u00e4res Notfallzentrum<\/a><\/span><\/span><\/p>\n<p><span style=\"color: #808080;\"><a style=\"color: #808080;\" href=\"http:\/\/www.klinikum-braunschweig.de\">St\u00e4dtisches Klinikum Braunschweig gGmbH<\/a><\/span><\/p>\n<p><a href=\"https:\/\/notfallmedizin-sued.charite.de\/\"><span style=\"color: #808080;\">Zentrale Notaufnahme, Campus Benjamin Franklin, Charit\u00e9 \u2013 Universit\u00e4tsmedizin Berlin<\/span><\/a><\/p>\n<p><span style=\"color: #808080;\">Universit\u00e4tsklinik Freiburg, Universit\u00e4res Notfallzentrum<\/span><\/p>\n<p><span style=\"color: #808080;\">Klinikum F\u00fcrth, Zentrale Notaufnahme<\/span><\/p>\n<p>Universit\u00e4tsmedizin G\u00f6ttingen<\/p>\n<p><span style=\"color: #808080;\">Universit\u00e4tsklinik Jena, Interdisziplin\u00e4res Notfallzentrum<\/span><\/p>\n<p><a href=\"http:\/\/muenchen-klinik.de\"><span style=\"color: #808080;\">St\u00e4dtisches Klinikum M\u00fcnchen, Notfallzentrum<\/span><\/a><\/p>\n<p>Evangelisches Krankenhaus Weende<\/p>\n<p>St\u00e4dtisches Klinikum Wolfenb\u00fcttel<\/p>\n<p>Klinikum Wolfsburg<\/p>\n<h4><span style=\"color: #808080;\">Kassen\u00e4rztliche Vereinigungen<\/span><\/h4>\n<p><span style=\"color: #808080;\"><a style=\"color: #808080;\" href=\"http:\/\/www.kvn.de\">Kassen\u00e4rztliche Vereinigung Niedersachsen<\/a><\/span><\/p>\n<p><span style=\"color: #808080;\"><a style=\"color: #808080;\" href=\"http:\/\/www.kvbawue.de\">Kassen\u00e4rztliche Vereinigung Baden-W\u00fcrttemberg<\/a><\/span><\/p>\n<h4><span style=\"color: #808080;\">Weitere Krankenkassen<\/span><\/h4>\n<p><span style=\"color: #808080;\">IKK classic<\/span><\/p>\n<p><span style=\"color: #808080;\">Audi BKK<\/span><\/p>\n","protected":false},"excerpt":{"rendered":"<p>Modellkliniken Universit\u00e4tsmedizin Bonn, Interdisziplin\u00e4res Notfallzentrum St\u00e4dtisches Klinikum Braunschweig gGmbH Zentrale Notaufnahme, Campus Benjamin Franklin, Charit\u00e9 \u2013 Universit\u00e4tsmedizin Berlin Universit\u00e4tsklinik Freiburg, Universit\u00e4res Notfallzentrum Klinikum F\u00fcrth, Zentrale Notaufnahme Universit\u00e4tsmedizin G\u00f6ttingen Universit\u00e4tsklinik Jena, Interdisziplin\u00e4res Notfallzentrum St\u00e4dtisches Klinikum M\u00fcnchen, Notfallzentrum Evangelisches Krankenhaus Weende St\u00e4dtisches Klinikum Wolfenb\u00fcttel Klinikum Wolfsburg Kassen\u00e4rztliche Vereinigungen Kassen\u00e4rztliche Vereinigung Niedersachsen Kassen\u00e4rztliche Vereinigung Baden-W\u00fcrttemberg Weitere Krankenkassen IKK<\/p>\n","protected":false},"author":2,"featured_media":0,"parent":0,"menu_order":0,"comment_status":"closed","ping_status":"closed","template":"","meta":{"footnotes":""},"class_list":["post-378","page","type-page","status-publish","hentry"],"_links":{"self":[{"href":"https:\/\/optinofaprojekt.uni-goettingen.de\/startseite\/wp-json\/wp\/v2\/pages\/378","targetHints":{"allow":["GET"]}}],"collection":[{"href":"https:\/\/optinofaprojekt.uni-goettingen.de\/startseite\/wp-json\/wp\/v2\/pages"}],"about":[{"href":"https:\/\/optinofaprojekt.uni-goettingen.de\/startseite\/wp-json\/wp\/v2\/types\/page"}],"author":[{"embeddable":true,"href":"https:\/\/optinofaprojekt.uni-goettingen.de\/startseite\/wp-json\/wp\/v2\/users\/2"}],"replies":[{"embeddable":true,"href":"https:\/\/optinofaprojekt.uni-goettingen.de\/startseite\/wp-json\/wp\/v2\/comments?post=378"}],"version-history":[{"count":37,"href":"https:\/\/optinofaprojekt.uni-goettingen.de\/startseite\/wp-json\/wp\/v2\/pages\/378\/revisions"}],"predecessor-version":[{"id":1366,"href":"https:\/\/optinofaprojekt.uni-goettingen.de\/startseite\/wp-json\/wp\/v2\/pages\/378\/revisions\/1366"}],"wp:attachment":[{"href":"https:\/\/optinofaprojekt.uni-goettingen.de\/startseite\/wp-json\/wp\/v2\/media?parent=378"}],"curies":[{"name":"wp","href":"https:\/\/api.w.org\/{rel}","templated":true}]}}