{"id":386,"date":"2018-09-28T11:21:35","date_gmt":"2018-09-28T09:21:35","guid":{"rendered":"http:\/\/optinovaprojekt.uni-goettingen.de\/startseite\/?page_id=386"},"modified":"2018-10-17T13:12:03","modified_gmt":"2018-10-17T11:12:03","slug":"assozierte-partner","status":"publish","type":"page","link":"https:\/\/optinofaprojekt.uni-goettingen.de\/startseite\/assozierte-partner\/","title":{"rendered":"Assozierte Partner"},"content":{"rendered":"<p><span style=\"color: #808080;\">DGINA e.V., Deutsche Gesellschaft f\u00fcr Notfall- und Akutmedizin e.V.<\/span><\/p>\n<p><span style=\"color: #808080;\">DIVI e.V., Deutsche Interdisziplin\u00e4re Vereinigung f\u00fcr Intensiv- und Notfallmedizin e.V.<\/span><\/p>\n","protected":false},"excerpt":{"rendered":"<p>DGINA e.V., Deutsche Gesellschaft f\u00fcr Notfall- und Akutmedizin e.V. DIVI e.V., Deutsche Interdisziplin\u00e4re Vereinigung f\u00fcr Intensiv- und Notfallmedizin e.V.<\/p>\n","protected":false},"author":2,"featured_media":0,"parent":0,"menu_order":0,"comment_status":"closed","ping_status":"closed","template":"","meta":{"footnotes":""},"class_list":["post-386","page","type-page","status-publish","hentry"],"_links":{"self":[{"href":"https:\/\/optinofaprojekt.uni-goettingen.de\/startseite\/wp-json\/wp\/v2\/pages\/386","targetHints":{"allow":["GET"]}}],"collection":[{"href":"https:\/\/optinofaprojekt.uni-goettingen.de\/startseite\/wp-json\/wp\/v2\/pages"}],"about":[{"href":"https:\/\/optinofaprojekt.uni-goettingen.de\/startseite\/wp-json\/wp\/v2\/types\/page"}],"author":[{"embeddable":true,"href":"https:\/\/optinofaprojekt.uni-goettingen.de\/startseite\/wp-json\/wp\/v2\/users\/2"}],"replies":[{"embeddable":true,"href":"https:\/\/optinofaprojekt.uni-goettingen.de\/startseite\/wp-json\/wp\/v2\/comments?post=386"}],"version-history":[{"count":5,"href":"https:\/\/optinofaprojekt.uni-goettingen.de\/startseite\/wp-json\/wp\/v2\/pages\/386\/revisions"}],"predecessor-version":[{"id":794,"href":"https:\/\/optinofaprojekt.uni-goettingen.de\/startseite\/wp-json\/wp\/v2\/pages\/386\/revisions\/794"}],"wp:attachment":[{"href":"https:\/\/optinofaprojekt.uni-goettingen.de\/startseite\/wp-json\/wp\/v2\/media?parent=386"}],"curies":[{"name":"wp","href":"https:\/\/api.w.org\/{rel}","templated":true}]}}