{"id":500,"date":"2018-10-01T09:03:42","date_gmt":"2018-10-01T07:03:42","guid":{"rendered":"http:\/\/optinovaprojekt.uni-goettingen.de\/startseite\/?page_id=500"},"modified":"2020-08-26T11:39:43","modified_gmt":"2020-08-26T09:39:43","slug":"ansprechpartner","status":"publish","type":"page","link":"https:\/\/optinofaprojekt.uni-goettingen.de\/startseite\/ansprechpartner\/","title":{"rendered":"Ansprechpartner"},"content":{"rendered":"<h4><span style=\"color: #808080;\">Konsortialf\u00fchrung<\/span><\/h4>\n<p><span style=\"color: #808080;\">Georg-August-Universit\u00e4t G\u00f6ttingen<\/span><br \/>\n<span style=\"color: #808080;\">Universit\u00e4tsmedizin<\/span><br \/>\n<span style=\"color: #808080;\">Interdisziplin\u00e4re Notaufnahme (INA)<\/span><br \/>\n<span style=\"color: #808080;\">\u00c4rztliche Leitung : Prof. Dr. med. Sabine Blaschke<\/span><\/p>\n<p><span style=\"color: #808080;\">Robert-Koch-Stra\u00dfe 40<\/span><br \/>\n<span style=\"color: #808080;\">37075 G\u00f6ttingen<\/span><br \/>\n<span style=\"color: #808080;\">Tel.: +49-(0)551 39-8910<\/span><br \/>\n<span style=\"color: #808080;\">Fax: +49-(0)551 39-10898<\/span><br \/>\n<span style=\"color: #808080;\">E-Mail:<\/span>\u00a0<a href=\"mailto:sblasch@gwdg.de\" target=\"_blank\" rel=\"noopener noreferrer\">sblasch@gwdg.de<\/a><br \/>\n<span style=\"color: #808080;\">Internet:<\/span>\u00a0<a href=\"http:\/\/www.med.uni-goettingen.de\/de\/content\/medversorgung\/notaufnahme.html\" target=\"_blank\" rel=\"noopener noreferrer\">http:\/\/www.med.uni-goettingen.de\/de\/content\/medversorgung\/notaufnahme.html<\/a><\/p>\n<p>&nbsp;<\/p>\n<p><span style=\"color: #808080;\">Georg-August-Universit\u00e4t G\u00f6ttingen<\/span><br \/>\n<span style=\"color: #808080;\">Universit\u00e4tsmedizin<\/span><br \/>\n<span style=\"color: #808080;\">Institut f\u00fcr Medizinische Informatik<\/span><br \/>\n<span style=\"color: #808080;\">Leitung: Prof. Dr. rer. nat. Dagmar Krefting<\/span><\/p>\n<p><span style=\"color: #808080;\">Von-Siebold-Stra\u00dfe 3<\/span><br \/>\n<span style=\"color: #808080;\">37075 G\u00f6ttingen<\/span><br \/>\n<span style=\"color: #808080;\">Tel.: +49 (0) 551 39-61500<\/span><br \/>\n<span style=\"color: #808080;\">Fax: +49 (0)551-39-0<\/span><br \/>\n<span style=\"color: #808080;\">E-Mail:<\/span> <a href=\"mailto:dagmar.krefting@med.uni-goettingen.de\">dagmar.krefting@med.uni-goettingen.de<\/a><br \/>\n<span style=\"color: #808080;\">Internet:<\/span>\u00a0<a href=\"http:\/\/www.mi.med.uni-goettingen.de\/\" target=\"_blank\" rel=\"noopener\">http:\/\/www.mi.med.uni-goettingen.de\/<\/a><\/p>\n<p>&nbsp;<\/p>\n<h4><span style=\"color: #808080;\">Projektkoordination<\/span><\/h4>\n<p><span style=\"color: #808080;\">Georg-August-Universit\u00e4t G\u00f6ttingen<\/span><br \/>\n<span style=\"color: #808080;\">Universit\u00e4tsmedizin<\/span><br \/>\n<span style=\"color: #808080;\">Institut f\u00fcr Medizinische Informatik<\/span><br \/>\n<span style=\"color: #808080;\">Intersektorale Verbundforschung: Kerstin Pischek-Koch<\/span><\/p>\n<p><span style=\"color: #808080;\">Robert-Koch-Stra\u00dfe 40<\/span><br \/>\n<span style=\"color: #808080;\">37075 G\u00f6ttingen<\/span><br \/>\n<span style=\"color: #808080;\">Tel.: +49 (0) 551 39-61544<\/span><br \/>\n<span style=\"color: #808080;\">Fax: +49 (0)551-39-0<\/span><br \/>\n<span style=\"color: #808080;\">E-Mail:<\/span> <a href=\"mailto:kerstin.pischek-koch@med.uni-goettingen.de\">kerstin.pischek-koch@med.uni-goettingen.de<\/a><br \/>\n<span style=\"color: #808080;\">Internet:\u00a0<\/span><a href=\"http:\/\/www.mi.med.uni-goettingen.de\/\" target=\"_blank\" rel=\"noopener\">http:\/\/www.mi.med.uni-goettingen.de\/<\/a><\/p>\n<p>&nbsp;<\/p>\n<p>&nbsp;<\/p>\n","protected":false},"excerpt":{"rendered":"<p>Konsortialf\u00fchrung Georg-August-Universit\u00e4t G\u00f6ttingen Universit\u00e4tsmedizin Interdisziplin\u00e4re Notaufnahme (INA) \u00c4rztliche Leitung : Prof. Dr. med. Sabine Blaschke Robert-Koch-Stra\u00dfe 40 37075 G\u00f6ttingen Tel.: +49-(0)551 39-8910 Fax: +49-(0)551 39-10898 E-Mail:\u00a0sblasch@gwdg.de Internet:\u00a0http:\/\/www.med.uni-goettingen.de\/de\/content\/medversorgung\/notaufnahme.html &nbsp; Georg-August-Universit\u00e4t G\u00f6ttingen Universit\u00e4tsmedizin Institut f\u00fcr Medizinische Informatik Leitung: Prof. Dr. rer. nat. Dagmar Krefting Von-Siebold-Stra\u00dfe 3 37075 G\u00f6ttingen Tel.: +49 (0) 551 39-61500 Fax: +49 (0)551-39-0 E-Mail:<\/p>\n","protected":false},"author":2,"featured_media":0,"parent":0,"menu_order":0,"comment_status":"closed","ping_status":"closed","template":"","meta":{"footnotes":""},"class_list":["post-500","page","type-page","status-publish","hentry"],"_links":{"self":[{"href":"https:\/\/optinofaprojekt.uni-goettingen.de\/startseite\/wp-json\/wp\/v2\/pages\/500","targetHints":{"allow":["GET"]}}],"collection":[{"href":"https:\/\/optinofaprojekt.uni-goettingen.de\/startseite\/wp-json\/wp\/v2\/pages"}],"about":[{"href":"https:\/\/optinofaprojekt.uni-goettingen.de\/startseite\/wp-json\/wp\/v2\/types\/page"}],"author":[{"embeddable":true,"href":"https:\/\/optinofaprojekt.uni-goettingen.de\/startseite\/wp-json\/wp\/v2\/users\/2"}],"replies":[{"embeddable":true,"href":"https:\/\/optinofaprojekt.uni-goettingen.de\/startseite\/wp-json\/wp\/v2\/comments?post=500"}],"version-history":[{"count":20,"href":"https:\/\/optinofaprojekt.uni-goettingen.de\/startseite\/wp-json\/wp\/v2\/pages\/500\/revisions"}],"predecessor-version":[{"id":1590,"href":"https:\/\/optinofaprojekt.uni-goettingen.de\/startseite\/wp-json\/wp\/v2\/pages\/500\/revisions\/1590"}],"wp:attachment":[{"href":"https:\/\/optinofaprojekt.uni-goettingen.de\/startseite\/wp-json\/wp\/v2\/media?parent=500"}],"curies":[{"name":"wp","href":"https:\/\/api.w.org\/{rel}","templated":true}]}}